{"id":1379,"date":"2025-03-21T15:56:58","date_gmt":"2025-03-21T15:56:58","guid":{"rendered":"https:\/\/olariaesports.cat\/producto\/mitjo-llarg-blanc\/"},"modified":"2025-03-21T15:56:58","modified_gmt":"2025-03-21T15:56:58","slug":"mitjo-llarg-blanc","status":"publish","type":"product","link":"https:\/\/olariaesports.cat\/ca\/producto\/mitjo-llarg-blanc\/","title":{"rendered":"Mitj\u00f3 llarg blanc"},"content":{"rendered":"<p>Mitj\u00f3 alt de 17 cm d&#8217;al\u00e7ada de canya. Interior planta, puntera i tal\u00f3 amb ris. <\/p>\n","protected":false},"excerpt":{"rendered":"<h2 class=\"product-addition-headline\"><span style=\"font-size: 14px\">Mitj\u00f3 alt de 17 cm d&#8217;al\u00e7ada de canya. Interior planta, puntera i tal\u00f3 amb ris. <\/span><\/h2>\n<div class=\"product-addition-content\">\n<ul>\n<li>Teixit el\u00e0stic i transpirable<\/li>\n<li>Punys de canal\u00e9<\/li>\n<li>Llarg a mitja cama<\/li>\n<li>75% Cot\u00f3, 20% Poli\u00e8ster, 5% Spandex<\/li>\n<\/ul>\n<\/div>\n","protected":false},"featured_media":441,"template":"","meta":{"_acf_changed":false},"product_brand":[],"product_cat":[160],"product_tag":[],"class_list":{"0":"post-1379","1":"product","2":"type-product","3":"status-publish","4":"has-post-thumbnail","6":"product_cat-club-tennis-vilanova-ca","8":"first","9":"instock","10":"taxable","11":"shipping-taxable","12":"purchasable","13":"product-type-variable"},"acf":[],"_links":{"self":[{"href":"https:\/\/olariaesports.cat\/ca\/wp-json\/wp\/v2\/product\/1379","targetHints":{"allow":["GET"]}}],"collection":[{"href":"https:\/\/olariaesports.cat\/ca\/wp-json\/wp\/v2\/product"}],"about":[{"href":"https:\/\/olariaesports.cat\/ca\/wp-json\/wp\/v2\/types\/product"}],"wp:featuredmedia":[{"embeddable":true,"href":"https:\/\/olariaesports.cat\/ca\/wp-json\/wp\/v2\/media\/441"}],"wp:attachment":[{"href":"https:\/\/olariaesports.cat\/ca\/wp-json\/wp\/v2\/media?parent=1379"}],"wp:term":[{"taxonomy":"product_brand","embeddable":true,"href":"https:\/\/olariaesports.cat\/ca\/wp-json\/wp\/v2\/product_brand?post=1379"},{"taxonomy":"product_cat","embeddable":true,"href":"https:\/\/olariaesports.cat\/ca\/wp-json\/wp\/v2\/product_cat?post=1379"},{"taxonomy":"product_tag","embeddable":true,"href":"https:\/\/olariaesports.cat\/ca\/wp-json\/wp\/v2\/product_tag?post=1379"}],"curies":[{"name":"wp","href":"https:\/\/api.w.org\/{rel}","templated":true}]}}